{"id":8695,"date":"2020-12-10T23:58:38","date_gmt":"2020-12-10T22:58:38","guid":{"rendered":"https:\/\/beatsteaks.com\/?page_id=8695"},"modified":"2021-01-22T15:18:23","modified_gmt":"2021-01-22T14:18:23","slug":"memes-clips","status":"publish","type":"page","link":"https:\/\/beatsteaks.com\/en\/memes-clips\/","title":{"rendered":"Memes &#038; Clips"},"content":{"rendered":"\n<p class=\"has-text-align-center\">Hey Fan!<\/p>\n\n\n\n<p class=\"has-text-align-center\">Dein Papa hat kein Social Media und will trotzdem Beatsteaks Filmchen auf seinem<br>Computer? Du hast keine Lust auf Teilung? Du willst selber posten?<br>Hier gibt es Material in H\u00fclle und F\u00fclle, Schnipsel, Teaser, Trailer, alles was du<br>brauchst, f\u00fcr Trostposts, Losposts und Schonkost\u2026May the download be with you<\/p>\n\n\n\n<p class=\"has-text-align-center\">Deine Beatsteaks<\/p>\n\n\n\n<h2 class=\"has-text-align-center wp-block-heading\">Clips<\/h2>\n\n\n\n<figure class=\"wp-block-table\">\n    <table>\n        <tbody>\n            <tr>\n                <td><h3>After Hours<\/h3><\/td>\n            <\/tr>\n            <tr>\n                <td>\n                    <table>\n                        <tbody>\n                            <tr>\n                                <td><video controls=\"\" src=\"https:\/\/beatsteaks.com\/assets\/AfterHours_16_9_Trailer_1.mp4\"><\/video><p><a href=\"https:\/\/beatsteaks.com\/assets\/AfterHours_16_9_Trailer_1.mp4\" target=\"_blank\" rel=\"noopener\">Download Post<\/a> <a href=\"https:\/\/beatsteaks.com\/assets\/AfterHours_Story_Trailer_1.mp4\" target=\"_blank\" rel=\"noopener\">Download Story<\/a><\/p><\/td>\n                                <td><video controls=\"\" src=\"https:\/\/beatsteaks.com\/assets\/AfterHours_16_9_Trailer_2.mp4\"><\/video><p><a href=\"https:\/\/beatsteaks.com\/assets\/AfterHours_16_9_Trailer_2.mp4\" target=\"_blank\" rel=\"noopener\">Download Post<\/a> <a href=\"https:\/\/beatsteaks.com\/assets\/AfterHours_Story_Trailer_2.mp4\" target=\"_blank\" rel=\"noopener\">Download Story<\/a><\/p><\/td>\n                            <\/tr>\n                            <tr>                            \n                                <td><img decoding=\"async\" src=\"https:\/\/beatsteaks.com\/assets\/AlarmstufeRot.jpg\"><p><a href=\"https:\/\/beatsteaks.com\/assets\/AlarmstufeRot.jpg\" target=\"_blank\" rel=\"noopener\">Download Photo<\/a><\/p><\/td>\n                                <td><img decoding=\"async\" src=\"https:\/\/beatsteaks.com\/assets\/Waldbuehne.jpg\"><p><a href=\"https:\/\/beatsteaks.com\/assets\/Waldbuehne.jpg\" target=\"_blank\" rel=\"noopener\">Download Photo<\/a><\/p><\/td>\n                            <\/tr>\n                       <\/tbody>\n                   <\/table>\n                <\/td>\n            <\/tr>\n            <tr>\n                <td><h3>Shitlist<\/h3><\/td>\n            <\/tr>\n            <tr>\n                <td>\n                    <table>\n                        <tbody>\n                            <tr>\n                                <td><video controls=\"\" src=\"https:\/\/beatsteaks.com\/assets\/Kroemer_Post.mp4\"><\/video><p><a href=\"https:\/\/beatsteaks.com\/assets\/Kroemer_Post.mp4\" target=\"_blank\" rel=\"noopener\">Download Post<\/a> <a href=\"https:\/\/beatsteaks.com\/assets\/Shitlist_Kroemer_Story.mp4\" target=\"_blank\" rel=\"noopener\">Download Story<\/a><\/p><\/td>\n                                <td><video controls=\"\" src=\"https:\/\/beatsteaks.com\/assets\/Shitlist_Action_Post.mp4\"><\/video><p><a href=\"https:\/\/beatsteaks.com\/assets\/Shitlist_Action_Post.mp4\" target=\"_blank\" rel=\"noopener\">Download Post<\/a> <a href=\"https:\/\/beatsteaks.com\/assets\/Shitlist_Action_Story.mp4\" target=\"_blank\" rel=\"noopener\">Download Story<\/a><\/p><\/td>\n                            <\/tr>\n                            <tr>                            \n                                <td><video controls=\"\" src=\"https:\/\/beatsteaks.com\/assets\/Shitlist_Storch_Post.mp4\"><\/video><p><a href=\"https:\/\/beatsteaks.com\/assets\/Shitlist_Storch_Post.mp4\" target=\"_blank\" rel=\"noopener\">Download Post<\/a> <a href=\"https:\/\/beatsteaks.com\/assets\/Shitlist_Storch_Story.mp4\" target=\"_blank\" rel=\"noopener\">Download Story<\/a><\/p><\/td>\n                                <td><video controls=\"\" src=\"https:\/\/beatsteaks.com\/assets\/Shitlist_Trailer_Post.mp4\"><\/video><p><a href=\"https:\/\/beatsteaks.com\/assets\/Shitlist_Trailer_Post.mp4\" target=\"_blank\" rel=\"noopener\">Download Post<\/a> <a href=\"https:\/\/beatsteaks.com\/assets\/Shitlist_Trailer_Story.mp4\" target=\"_blank\" rel=\"noopener\">Download Story<\/a><\/p><\/td>\n                            <\/tr>\n                            <tr>\n                                <td><img decoding=\"async\" src=\"https:\/\/beatsteaks.com\/assets\/Shitlist_Cover.jpg\"><p><a href=\"https:\/\/beatsteaks.com\/assets\/Shitlist_Cover.jpg\" target=\"_blank\" rel=\"noopener\">Download Photo<\/a><\/p><\/td>\n                                <td><\/td>\n                            <\/tr>\n                       <\/tbody>\n                   <\/table>\n                <\/td>\n            <\/tr>\n            <tr>\n                <td><h3>Von nun an ging&#8217;s bergab<\/h3><\/td>\n            <\/tr>\n            <tr>\n                <td>\n                    <table>\n                        <tbody>\n                            <tr>\n                                <td><video controls=\"\" src=\"https:\/\/beatsteaks.com\/assets\/Bergab_Action_Post.mp4\"><\/video><p><a href=\"https:\/\/beatsteaks.com\/assets\/Bergab_Action_Post.mp4\" target=\"_blank\" rel=\"noopener\">Download Post<\/a> <a href=\"https:\/\/beatsteaks.com\/assets\/Bergab_Action_Story.mp4\" target=\"_blank\" rel=\"noopener\">Download Story<\/a><\/p><\/td>\n                                <td><video controls=\"\" src=\"https:\/\/beatsteaks.com\/assets\/Bergab_Knipser_Post.mp4\"><\/video><p><a href=\"https:\/\/beatsteaks.com\/assets\/Bergab_Knipser_Post.mp4\" target=\"_blank\" rel=\"noopener\">Download Post<\/a> <a href=\"https:\/\/beatsteaks.com\/assets\/Bergab_Knipser_Story.mp4\" target=\"_blank\" rel=\"noopener\">Download Story<\/a><\/p><\/td>\n                            <\/tr>\n                            <tr>                            \n                                <td><video controls=\"\" src=\"https:\/\/beatsteaks.com\/assets\/Bergab_Schlag_Post.mp4\"><\/video><p><a href=\"https:\/\/beatsteaks.com\/assets\/Bergab_Schlag_Post.mp4\" target=\"_blank\" rel=\"noopener\">Download Post<\/a> <a href=\"https:\/\/beatsteaks.com\/assets\/Bergab_Schlag_Story.mp4\" target=\"_blank\" rel=\"noopener\">Download Story<\/a><\/p><\/td>\n                                <td><img decoding=\"async\" src=\"https:\/\/beatsteaks.com\/assets\/Hilde_01.jpg\"><p><a href=\"https:\/\/beatsteaks.com\/assets\/Hilde_01.jpg\" target=\"_blank\" rel=\"noopener\">Download Photo<\/a><\/p><\/td>\n                            <\/tr>\n                            <tr>                            \n                                <td><img decoding=\"async\" src=\"https:\/\/beatsteaks.com\/assets\/Hilde_02.jpg\"><p><a href=\"https:\/\/beatsteaks.com\/assets\/Hilde_02.jpg\" target=\"_blank\" rel=\"noopener\">Download Photo<\/a><\/p><\/td>\n                                <td><img decoding=\"async\" src=\"https:\/\/beatsteaks.com\/assets\/Hilde_03.jpg\"><p><a href=\"https:\/\/beatsteaks.com\/assets\/Hilde_03.jpg\" target=\"_blank\" rel=\"noopener\">Download Photo<\/a><\/p><\/td>\n                            <\/tr>\n                       <\/tbody>\n                   <\/table>\n                <\/td>\n            <\/tr>\n            <tr>\n                <td><h3>Glorybox<\/h3><\/td>\n            <\/tr>\n            <tr>\n                <td>\n                    <table>\n                        <tbody>\n                            <tr>\n                                <td><video controls=\"\" src=\"https:\/\/beatsteaks.com\/assets\/Glory_1_Post.mp4\"><\/video><p><a href=\"https:\/\/beatsteaks.com\/assets\/Glory_1_Post.mp4\" target=\"_blank\" rel=\"noopener\">Download Post<\/a> <a href=\"https:\/\/beatsteaks.com\/assets\/Glory_2_Post.mp4\" target=\"_blank\" rel=\"noopener\">Download Story<\/a><\/p><\/td>\n                                <td><video controls=\"\" src=\"https:\/\/beatsteaks.com\/assets\/Glory_2_Post.mp4\"><\/video><p><a href=\"https:\/\/beatsteaks.com\/assets\/Glory_2_Post.mp4\" target=\"_blank\" rel=\"noopener\">Download Post<\/a> <a href=\"https:\/\/beatsteaks.com\/assets\/Glory_2_Post.mp4\" target=\"_blank\" rel=\"noopener\">Download Story<\/a><\/p><\/td>\n                            <\/tr>\n                       <\/tbody>\n                   <\/table>\n                <\/td>\n            <\/tr>\n            <tr>\n                <td><h3>Monotonie<\/h3><\/td>\n            <\/tr>\n            <tr>\n                <td>\n                    <table>\n                        <tbody>\n                            <tr>\n                                <td><video controls=\"\" src=\"https:\/\/beatsteaks.com\/assets\/Beatsteaks_Monotonie_ArnimTorsten_Post.mp4\"><\/video><p><a href=\"https:\/\/beatsteaks.com\/assets\/Beatsteaks_Monotonie_ArnimTorsten_Post.mp4\" target=\"_blank\" rel=\"noopener\">Download Post<\/a> <a href=\"https:\/\/beatsteaks.com\/assets\/Beatsteaks_Monotonie_ArnimTorsten_Story.mp4\" target=\"_blank\" rel=\"noopener\">Download Story<\/a><\/p><\/td>\n                                <td><video controls=\"\" src=\"https:\/\/beatsteaks.com\/assets\/Beatsteaks_Monotonie_PeterBernd_Post.mp4\"><\/video><p><a href=\"https:\/\/beatsteaks.com\/assets\/Beatsteaks_Monotonie_PeterBernd_Post.mp4\" target=\"_blank\" rel=\"noopener\">Download Post<\/a> <a href=\"Beatsteaks_Monotonie_PeterBernd_Story.mp4\" target=\"_blank\" rel=\"noopener\">Download Story<\/a><\/p><\/td>\n                            <\/tr>\n                            <tr>                            \n                                <td><video controls=\"\" src=\"https:\/\/beatsteaks.com\/assets\/Beatsteaks_Monotonie_Thomas_Post.mp4\"><\/video><p><a href=\"https:\/\/beatsteaks.com\/assets\/Beatsteaks_Monotonie_Thomas_Post.mp4\" target=\"_blank\" rel=\"noopener\">Download Post<\/a> <a href=\"https:\/\/beatsteaks.com\/assets\/Beatsteaks_Monotonie_Thomas_Story.mp4\" target=\"_blank\" rel=\"noopener\">Download Story<\/a><\/p><\/td>\n                                <td><video controls=\"\" src=\"https:\/\/beatsteaks.com\/assets\/Beatsteaks_Monotonie_Totze_Post.mp4\"><\/video><p><a href=\"https:\/\/beatsteaks.com\/assets\/Beatsteaks_Monotonie_Totze_Post.mp4\" target=\"_blank\" rel=\"noopener\">Download Post<\/a> <a href=\"https:\/\/beatsteaks.com\/assets\/Beatsteaks_Monotonie_Totze_Story.mp4\" target=\"_blank\" rel=\"noopener\">Download Story<\/a><\/p><\/td>\n                            <\/tr>\n                            <tr>\n                                <td><img decoding=\"async\" src=\"https:\/\/beatsteaks.com\/assets\/Monotonie_01.png\"><p><a href=\"https:\/\/beatsteaks.com\/assets\/Monotonie_01.png\" target=\"_blank\" rel=\"noopener\">Download Photo<\/a><\/p><\/td>\n                                <td><img decoding=\"async\" src=\"https:\/\/beatsteaks.com\/assets\/Monotonie_02.png\"><p><a href=\"https:\/\/beatsteaks.com\/assets\/Monotonie_02.png\" target=\"_blank\" rel=\"noopener\">Download Photo<\/a><\/p><\/td>\n                            <\/tr>\n                            <tr>\n                                <td><img decoding=\"async\" src=\"https:\/\/beatsteaks.com\/assets\/Monotonie_03.png\"><p><a href=\"https:\/\/beatsteaks.com\/assets\/Monotonie_03.png\" target=\"_blank\" rel=\"noopener\">Download Photo<\/a><\/p><\/td>\n                                <td><img decoding=\"async\" src=\"https:\/\/beatsteaks.com\/assets\/Monotonie_04.png\"><p><a href=\"https:\/\/beatsteaks.com\/assets\/Monotonie_04.png\" target=\"_blank\" rel=\"noopener\">Download Photo<\/a><\/p><\/td>\n                            <\/tr>\n                       <\/tbody>\n                   <\/table>\n                <\/td>\n            <\/tr>\n        <\/tbody>\n    <\/table>\n<\/figure>\n\n\n\n<h2 class=\"has-text-align-center wp-block-heading\">Memes<\/h2>\n\n\n\n<figure class=\"wp-block-table\">\n    <table>\n        <tbody>\n            <tr>\n                <td>\n                    <table>\n                        <tbody>\n                            <tr>\n                                <td><video controls=\"\" src=\"https:\/\/beatsteaks.com\/assets\/Arnim.mp4\"><\/video><p><a href=\"https:\/\/beatsteaks.com\/assets\/Arnim.mp4\" target=\"_blank\" rel=\"noopener\">Download Meme<\/a><\/p><\/td>\n                                <td><video controls=\"\" src=\"https:\/\/beatsteaks.com\/assets\/Goetz.mp4\"><\/video><p><a href=\"https:\/\/beatsteaks.com\/assets\/Goetz.mp4\" target=\"_blank\" rel=\"noopener\">Download Meme<\/a><\/p><\/td>\n                            <\/tr>\n                            <tr>                            \n                                <td><video controls=\"\" src=\"https:\/\/beatsteaks.com\/assets\/Goetz.mp4\"><\/video><p><a href=\"https:\/\/beatsteaks.com\/assets\/PeterBernd.mp4\" target=\"_blank\" rel=\"noopener\">Download Meme<\/a><\/p><\/td>\n                                <td><video controls=\"\" src=\"https:\/\/beatsteaks.com\/assets\/Totze_1.mp4\"><\/video><p><a href=\"https:\/\/beatsteaks.com\/assets\/Totze_1.mp4\" target=\"_blank\" rel=\"noopener\">Download Meme<\/a><\/p><\/td>\n                            <\/tr>\n                            <tr>                            \n                                <td><video controls=\"\" src=\"https:\/\/beatsteaks.com\/assets\/Totze_2.mp4\"><\/video><p><a href=\"https:\/\/beatsteaks.com\/assets\/Totze_2.mp4\" target=\"_blank\" rel=\"noopener\">Download Meme<\/a><\/p><\/td>\n                            <\/tr>\n                       <\/tbody>\n                   <\/table>\n                <\/td>\n            <\/tr>\n        <\/tbody>\n    <\/table>\n<\/figure>\n","protected":false},"excerpt":{"rendered":"<p>Hey Fan! Dein Papa hat kein Social Media und will trotzdem Beatsteaks Filmchen auf seinemComputer? Du hast keine Lust auf Teilung? Du willst selber posten?Hier gibt es Material in H\u00fclle und F\u00fclle, Schnipsel, Teaser, Trailer, alles was dubrauchst, f\u00fcr Trostposts, Losposts und Schonkost\u2026May the download be with you Deine Beatsteaks Clips After Hours Download Post [&hellip;]<\/p>\n","protected":false},"author":4,"featured_media":0,"parent":0,"menu_order":0,"comment_status":"closed","ping_status":"closed","template":"templates\/template-download.php","meta":{"footnotes":""},"class_list":["post-8695","page","type-page","status-publish","hentry"],"_links":{"self":[{"href":"https:\/\/beatsteaks.com\/en\/wp-json\/wp\/v2\/pages\/8695","targetHints":{"allow":["GET"]}}],"collection":[{"href":"https:\/\/beatsteaks.com\/en\/wp-json\/wp\/v2\/pages"}],"about":[{"href":"https:\/\/beatsteaks.com\/en\/wp-json\/wp\/v2\/types\/page"}],"author":[{"embeddable":true,"href":"https:\/\/beatsteaks.com\/en\/wp-json\/wp\/v2\/users\/4"}],"replies":[{"embeddable":true,"href":"https:\/\/beatsteaks.com\/en\/wp-json\/wp\/v2\/comments?post=8695"}],"version-history":[{"count":24,"href":"https:\/\/beatsteaks.com\/en\/wp-json\/wp\/v2\/pages\/8695\/revisions"}],"predecessor-version":[{"id":9033,"href":"https:\/\/beatsteaks.com\/en\/wp-json\/wp\/v2\/pages\/8695\/revisions\/9033"}],"wp:attachment":[{"href":"https:\/\/beatsteaks.com\/en\/wp-json\/wp\/v2\/media?parent=8695"}],"curies":[{"name":"wp","href":"https:\/\/api.w.org\/{rel}","templated":true}]}}